{"id":3510,"date":"2025-06-10T11:57:09","date_gmt":"2025-06-10T09:57:09","guid":{"rendered":"https:\/\/www.kenosistec.com\/testimonianze\/"},"modified":"2025-09-12T11:00:59","modified_gmt":"2025-09-12T09:00:59","slug":"testimonios","status":"publish","type":"page","link":"https:\/\/www.kenosistec.com\/es\/testimonios\/","title":{"rendered":"Testimonios"},"content":{"rendered":"<p>[et_pb_section fb_built=\u00bb1&#8243; _builder_version=\u00bb4.27.4&#8243; background_color=\u00bbgcid-6f61f39e-84e7-4208-8fe4-806b280dbda6&#8243; background_image=\u00bbhttps:\/\/www.kenosistec.com\/wp-content\/uploads\/2023\/12\/visual-lavora-con-noi.webp\u00bb saved_tabs=\u00bball\u00bb global_colors_info=\u00bb{%22gcid-6f61f39e-84e7-4208-8fe4-806b280dbda6%22:%91%22background_color%22%93}\u00bb][et_pb_row _builder_version=\u00bb4.16&#8243; global_colors_info=\u00bb{}\u00bb][et_pb_column type=\u00bb4_4&#8243; _builder_version=\u00bb4.16&#8243; custom_padding=\u00bb|||\u00bb global_colors_info=\u00bb{}\u00bb custom_padding__hover=\u00bb|||\u00bb][et_pb_post_title meta=\u00bboff\u00bb featured_image=\u00bboff\u00bb _builder_version=\u00bb4.27.4&#8243; title_font=\u00bb|700||on|||||\u00bb title_text_align=\u00bbcenter\u00bb title_text_color=\u00bb#ffffff\u00bb title_font_size=\u00bb50px\u00bb title_font_size_tablet=\u00bb40px\u00bb title_font_size_phone=\u00bb30px\u00bb title_font_size_last_edited=\u00bbon|phone\u00bb global_colors_info=\u00bb{}\u00bb][\/et_pb_post_title][\/et_pb_column][\/et_pb_row][\/et_pb_section][et_pb_section fb_built=\u00bb1&#8243; _builder_version=\u00bb4.27.4&#8243; background_color=\u00bbrgba(147,147,147,0)\u00bb background_image=\u00bbhttps:\/\/www.kenosistec.com\/wp-content\/uploads\/2023\/12\/triangoli.webp\u00bb parallax=\u00bbon\u00bb global_colors_info=\u00bb{}\u00bb][et_pb_row use_custom_gutter=\u00bbon\u00bb gutter_width=\u00bb2&#8243; make_equal=\u00bbon\u00bb _builder_version=\u00bb4.27.4&#8243; custom_padding=\u00bb22px|||||\u00bb global_colors_info=\u00bb{}\u00bb][et_pb_column type=\u00bb4_4&#8243; _builder_version=\u00bb4.16&#8243; custom_padding=\u00bb|||\u00bb global_colors_info=\u00bb{}\u00bb custom_padding__hover=\u00bb|||\u00bb][et_pb_image src=\u00bbhttps:\/\/www.kenosistec.com\/wp-content\/uploads\/2025\/07\/institut-jean-lamour-scaled.webp\u00bb alt=\u00bbLogo Institut Jean Lamour\u00bb title_text=\u00bbinstitut-jean-lamour\u00bb align=\u00bbcenter\u00bb _builder_version=\u00bb4.27.4&#8243; _module_preset=\u00bbdefault\u00bb width=\u00bb25%\u00bb width_tablet=\u00bb65%\u00bb width_phone=\u00bb65%\u00bb width_last_edited=\u00bbon|phone\u00bb max_width=\u00bb25%\u00bb max_width_tablet=\u00bb65%\u00bb max_width_phone=\u00bb65%\u00bb max_width_last_edited=\u00bbon|desktop\u00bb global_colors_info=\u00bb{}\u00bb][\/et_pb_image][\/et_pb_column][\/et_pb_row][et_pb_row column_structure=\u00bb1_2,1_2&#8243; use_custom_gutter=\u00bbon\u00bb gutter_width=\u00bb2&#8243; make_equal=\u00bbon\u00bb _builder_version=\u00bb4.27.4&#8243; background_enable_image=\u00bboff\u00bb custom_padding=\u00bb22px|||||\u00bb global_colors_info=\u00bb{}\u00bb][et_pb_column type=\u00bb1_2&#8243; _builder_version=\u00bb4.16&#8243; custom_padding=\u00bb|||\u00bb global_colors_info=\u00bb{}\u00bb custom_padding__hover=\u00bb|||\u00bb][et_pb_text _builder_version=\u00bb4.27.4&#8243; _module_preset=\u00bbdefault\u00bb global_colors_info=\u00bb{}\u00bb]<\/p>\n<p>El <strong>Institut Jean Lamour (IJL)<\/strong>, con sede en Nancy, es un centro de investigaci\u00f3n de primer nivel en el campo de los <strong>materiales, la f\u00edsica aplicada y las nanotecnolog\u00edas<\/strong>. Con m\u00e1s de 500 investigadores y una fuerte vocaci\u00f3n interdisciplinaria, IJL desarrolla soluciones avanzadas para aplicaciones que van desde la <strong>microelectr\u00f3nica<\/strong> hasta los <strong>materiales funcionales para la energ\u00eda<\/strong>.<\/p>\n<p>En el marco de sus actividades de investigaci\u00f3n, IJL ha elegido recientemente nuestra planta <strong>KS400HR<\/strong> para el sputtering PVD horizontal.<br \/>La instalaci\u00f3n est\u00e1 dise\u00f1ada para responder a las exigencias de <strong>precisi\u00f3n, versatilidad y limpieza<\/strong> requeridas por la comunidad cient\u00edfica, contribuyendo al desarrollo de <strong>nuevos materiales y dispositivos a nivel nanom\u00e9trico<\/strong>.<\/p>\n<p>[\/et_pb_text][\/et_pb_column][et_pb_column type=\u00bb1_2&#8243; _builder_version=\u00bb4.16&#8243; custom_padding=\u00bb|||\u00bb global_colors_info=\u00bb{}\u00bb custom_padding__hover=\u00bb|||\u00bb][et_pb_video src=\u00bbhttps:\/\/youtu.be\/SLj_7Yg9Imw\u00bb _builder_version=\u00bb4.27.4&#8243; _module_preset=\u00bbdefault\u00bb width=\u00bb100%\u00bb max_width=\u00bb100%\u00bb global_colors_info=\u00bb{}\u00bb][\/et_pb_video][\/et_pb_column][\/et_pb_row][\/et_pb_section][et_pb_section fb_built=\u00bb1&#8243; _builder_version=\u00bb4.27.4&#8243; global_colors_info=\u00bb{}\u00bb][et_pb_row use_custom_gutter=\u00bbon\u00bb gutter_width=\u00bb2&#8243; make_equal=\u00bbon\u00bb _builder_version=\u00bb4.27.4&#8243; custom_padding=\u00bb22px|||||\u00bb global_colors_info=\u00bb{}\u00bb][et_pb_column type=\u00bb4_4&#8243; _builder_version=\u00bb4.16&#8243; custom_padding=\u00bb|||\u00bb global_colors_info=\u00bb{}\u00bb custom_padding__hover=\u00bb|||\u00bb][et_pb_image src=\u00bbhttps:\/\/www.kenosistec.com\/wp-content\/uploads\/2025\/06\/fondazione-kessler-e1702908141516.webp\u00bb alt=\u00bbFBK\u00bb title_text=\u00bbfondazione-kessler-e1702908141516&#8243; align=\u00bbcenter\u00bb _builder_version=\u00bb4.27.4&#8243; _module_preset=\u00bbdefault\u00bb width=\u00bb25%\u00bb width_tablet=\u00bb65%\u00bb width_phone=\u00bb65%\u00bb width_last_edited=\u00bbon|phone\u00bb max_width=\u00bb25%\u00bb max_width_tablet=\u00bb65%\u00bb max_width_phone=\u00bb65%\u00bb max_width_last_edited=\u00bbon|desktop\u00bb global_colors_info=\u00bb{}\u00bb][\/et_pb_image][\/et_pb_column][\/et_pb_row][et_pb_row column_structure=\u00bb1_2,1_2&#8243; use_custom_gutter=\u00bbon\u00bb gutter_width=\u00bb2&#8243; make_equal=\u00bbon\u00bb _builder_version=\u00bb4.27.4&#8243; background_enable_image=\u00bboff\u00bb custom_padding=\u00bb22px|||||\u00bb global_colors_info=\u00bb{}\u00bb][et_pb_column type=\u00bb1_2&#8243; _builder_version=\u00bb4.16&#8243; custom_padding=\u00bb|||\u00bb global_colors_info=\u00bb{}\u00bb custom_padding__hover=\u00bb|||\u00bb][et_pb_text _builder_version=\u00bb4.27.4&#8243; _module_preset=\u00bbdefault\u00bb global_colors_info=\u00bb{}\u00bb]<\/p>\n<p>La <strong>Fondazione Bruno Kessler (FBK)<\/strong>, con sede en Trento, es un centro de excelencia en la investigaci\u00f3n aplicada a los <strong>semiconductores<\/strong>, con un enfoque en dispositivos avanzados como <strong>sensores integrados, MEMS y tecnolog\u00edas cu\u00e1nticas<\/strong>.<br \/>Su centro <em>Sensors &amp; Devices<\/em> opera en <strong>salas limpias de \u00faltima generaci\u00f3n<\/strong>, donde se desarrollan dispositivos para aplicaciones que van desde la <strong>f\u00edsica de altas energ\u00edas<\/strong> hasta las <strong>tecnolog\u00edas biom\u00e9dicas<\/strong>.<\/p>\n<p>Para la realizaci\u00f3n de estos dispositivos, FBK tambi\u00e9n emplea <strong>deposiciones PVD<\/strong>, fundamentales para la creaci\u00f3n de <strong>capas delgadas de alta precisi\u00f3n<\/strong> sobre sustratos destinados a microchips y sensores. Estos procesos requieren instalaciones <strong>altamente personalizadas<\/strong>, capaces de garantizar <strong>uniformidad, limpieza y un estricto control t\u00e9rmico<\/strong>.<\/p>\n<p>[\/et_pb_text][\/et_pb_column][et_pb_column type=\u00bb1_2&#8243; _builder_version=\u00bb4.16&#8243; custom_padding=\u00bb|||\u00bb global_colors_info=\u00bb{}\u00bb custom_padding__hover=\u00bb|||\u00bb][et_pb_video src=\u00bbhttps:\/\/youtu.be\/HarWQGjbldI\u00bb _builder_version=\u00bb4.27.4&#8243; _module_preset=\u00bbdefault\u00bb width=\u00bb100%\u00bb max_width=\u00bb100%\u00bb global_colors_info=\u00bb{}\u00bb][\/et_pb_video][\/et_pb_column][\/et_pb_row][\/et_pb_section][et_pb_section fb_built=\u00bb1&#8243; _builder_version=\u00bb4.27.4&#8243; _module_preset=\u00bbdefault\u00bb background_color=\u00bbrgba(10,10,10,0)\u00bb background_image=\u00bbhttps:\/\/www.kenosistec.com\/wp-content\/uploads\/2023\/12\/triangoli.webp\u00bb parallax=\u00bbon\u00bb parallax_method=\u00bboff\u00bb global_colors_info=\u00bb{}\u00bb][et_pb_row _builder_version=\u00bb4.27.4&#8243; _module_preset=\u00bbdefault\u00bb global_colors_info=\u00bb{}\u00bb][et_pb_column type=\u00bb4_4&#8243; _builder_version=\u00bb4.27.4&#8243; _module_preset=\u00bbdefault\u00bb global_colors_info=\u00bb{}\u00bb][et_pb_image src=\u00bbhttps:\/\/www.kenosistec.com\/wp-content\/uploads\/2025\/06\/Almar-logo-HQ-scaled.webp\u00bb alt=\u00bbtriangoli\u00bb title_text=\u00bbtriangoli\u00bb align=\u00bbcenter\u00bb _builder_version=\u00bb4.27.4&#8243; _module_preset=\u00bbdefault\u00bb background_color=\u00bbrgba(10,0,0,0)\u00bb background_image=\u00bbhttps:\/\/www.kenosistec.com\/wp-content\/uploads\/2023\/12\/triangoli.webp\u00bb parallax=\u00bbon\u00bb parallax_method=\u00bboff\u00bb width=\u00bb15%\u00bb width_tablet=\u00bb15%\u00bb width_phone=\u00bb50%\u00bb width_last_edited=\u00bbon|phone\u00bb max_width=\u00bb15%\u00bb max_width_tablet=\u00bb15%\u00bb max_width_phone=\u00bb50%\u00bb max_width_last_edited=\u00bbon|phone\u00bb global_colors_info=\u00bb{}\u00bb][\/et_pb_image][\/et_pb_column][\/et_pb_row][et_pb_row column_structure=\u00bb1_2,1_2&#8243; _builder_version=\u00bb4.27.4&#8243; _module_preset=\u00bbdefault\u00bb global_colors_info=\u00bb{}\u00bb][et_pb_column type=\u00bb1_2&#8243; _builder_version=\u00bb4.27.4&#8243; _module_preset=\u00bbdefault\u00bb global_colors_info=\u00bb{}\u00bb][et_pb_text _builder_version=\u00bb4.27.4&#8243; _module_preset=\u00bbdefault\u00bb global_colors_info=\u00bb{}\u00bb]<\/p>\n<p><strong>Almar \u2013 Made in Italy<\/strong> es una excelencia italiana especializada en el dise\u00f1o y la producci\u00f3n de <strong>sistemas de mobiliario y componentes met\u00e1licos para el ba\u00f1o<\/strong>.<\/p>\n<p>Para garantizar <strong>acabados superficiales de alto nivel, duraderos y sostenibles<\/strong>, Almar emplea tecnolog\u00edas PVD, fundamentales para dotar a sus productos de <strong>caracter\u00edsticas est\u00e9ticas y funcionales superiores<\/strong>.<\/p>\n<p>Los recubrimientos PVD se realizan en <strong>entornos controlados<\/strong>, mediante plantas industriales dise\u00f1adas para asegurar la <strong>m\u00e1xima adhesi\u00f3n, uniformidad crom\u00e1tica y resistencia al desgaste<\/strong>, respetando los m\u00e1s altos est\u00e1ndares ambientales.<\/p>\n<p>Estos procesos permiten a Almar combinar <strong>elegancia y durabilidad<\/strong>, consolidando su posici\u00f3n como <strong>referente del dise\u00f1o Made in Italy para el mobiliario de ba\u00f1o<\/strong>.<\/p>\n<p>[\/et_pb_text][\/et_pb_column][et_pb_column type=\u00bb1_2&#8243; _builder_version=\u00bb4.27.4&#8243; _module_preset=\u00bbdefault\u00bb global_colors_info=\u00bb{}\u00bb][et_pb_video src=\u00bbhttps:\/\/youtu.be\/O8n3c3LFV5w\u00bb _builder_version=\u00bb4.27.4&#8243; _module_preset=\u00bbdefault\u00bb global_colors_info=\u00bb{}\u00bb][\/et_pb_video][\/et_pb_column][\/et_pb_row][\/et_pb_section][et_pb_section fb_built=\u00bb1&#8243; fullwidth=\u00bbon\u00bb _builder_version=\u00bb4.27.4&#8243; global_colors_info=\u00bb{}\u00bb][et_pb_fullwidth_code _builder_version=\u00bb4.23.1&#8243; global_colors_info=\u00bb{}\u00bb]<iframe style=\"border: 0;\" src=\"https:\/\/www.google.com\/maps\/embed?pb=!1m18!1m12!1m3!1d2804.589352652537!2d9.0940317!3d45.336914199999995!2m3!1f0!2f0!3f0!3m2!1i1024!2i768!4f13.1!3m3!1m2!1s0x4786ddb4f0354a3f%3A0x64b740f4b83f3f4b!2sKenosistec%20Srl!5e0!3m2!1sit!2sit!4v1701341638438!5m2!1sit!2sit\" width=\"100%\" height=\"450\" allowfullscreen=\"allowfullscreen\"><\/iframe>[\/et_pb_fullwidth_code][\/et_pb_section]<\/p>\n","protected":false},"excerpt":{"rendered":"<p>El Institut Jean Lamour (IJL), con sede en Nancy, es un centro de investigaci\u00f3n de primer nivel en el campo de los materiales, la f\u00edsica aplicada y las nanotecnolog\u00edas. Con m\u00e1s de 500 investigadores y una fuerte vocaci\u00f3n interdisciplinaria, IJL desarrolla soluciones avanzadas para aplicaciones que van desde la microelectr\u00f3nica hasta los materiales funcionales para [&hellip;]<\/p>\n","protected":false},"author":2,"featured_media":0,"parent":0,"menu_order":0,"comment_status":"closed","ping_status":"closed","template":"","meta":{"_et_pb_use_builder":"on","_et_pb_old_content":"","_et_gb_content_width":"","content-type":"","footnotes":""},"class_list":["post-3510","page","type-page","status-publish","hentry"],"yoast_head":"<!-- This site is optimized with the Yoast SEO plugin v27.4 - https:\/\/yoast.com\/product\/yoast-seo-wordpress\/ -->\n<title>Testimonios - Kenosistec<\/title>\n<meta name=\"robots\" content=\"index, follow, max-snippet:-1, max-image-preview:large, max-video-preview:-1\" \/>\n<link rel=\"canonical\" href=\"https:\/\/www.kenosistec.com\/es\/testimonios\/\" \/>\n<meta property=\"og:locale\" content=\"es_ES\" \/>\n<meta property=\"og:type\" content=\"article\" \/>\n<meta property=\"og:title\" content=\"Testimonios - Kenosistec\" \/>\n<meta property=\"og:description\" content=\"El Institut Jean Lamour (IJL), con sede en Nancy, es un centro de investigaci\u00f3n de primer nivel en el campo de los materiales, la f\u00edsica aplicada y las nanotecnolog\u00edas. Con m\u00e1s de 500 investigadores y una fuerte vocaci\u00f3n interdisciplinaria, IJL desarrolla soluciones avanzadas para aplicaciones que van desde la microelectr\u00f3nica hasta los materiales funcionales para [&hellip;]\" \/>\n<meta property=\"og:url\" content=\"https:\/\/www.kenosistec.com\/es\/testimonios\/\" \/>\n<meta property=\"og:site_name\" content=\"Kenosistec\" \/>\n<meta property=\"article:publisher\" content=\"https:\/\/www.facebook.com\/kenosistec\/\" \/>\n<meta property=\"article:modified_time\" content=\"2025-09-12T09:00:59+00:00\" \/>\n<meta name=\"twitter:card\" content=\"summary_large_image\" \/>\n<meta name=\"twitter:label1\" content=\"Tiempo de lectura\" \/>\n\t<meta name=\"twitter:data1\" content=\"3 minutos\" \/>\n<script type=\"application\/ld+json\" class=\"yoast-schema-graph\">{\"@context\":\"https:\\\/\\\/schema.org\",\"@graph\":[{\"@type\":\"WebPage\",\"@id\":\"https:\\\/\\\/www.kenosistec.com\\\/es\\\/testimonios\\\/\",\"url\":\"https:\\\/\\\/www.kenosistec.com\\\/es\\\/testimonios\\\/\",\"name\":\"Testimonios - Kenosistec\",\"isPartOf\":{\"@id\":\"https:\\\/\\\/www.kenosistec.com\\\/es\\\/#website\"},\"datePublished\":\"2025-06-10T09:57:09+00:00\",\"dateModified\":\"2025-09-12T09:00:59+00:00\",\"breadcrumb\":{\"@id\":\"https:\\\/\\\/www.kenosistec.com\\\/es\\\/testimonios\\\/#breadcrumb\"},\"inLanguage\":\"es\",\"potentialAction\":[{\"@type\":\"ReadAction\",\"target\":[\"https:\\\/\\\/www.kenosistec.com\\\/es\\\/testimonios\\\/\"]}]},{\"@type\":\"BreadcrumbList\",\"@id\":\"https:\\\/\\\/www.kenosistec.com\\\/es\\\/testimonios\\\/#breadcrumb\",\"itemListElement\":[{\"@type\":\"ListItem\",\"position\":1,\"name\":\"Home\",\"item\":\"https:\\\/\\\/www.kenosistec.com\\\/es\\\/\"},{\"@type\":\"ListItem\",\"position\":2,\"name\":\"Testimonios\"}]},{\"@type\":\"WebSite\",\"@id\":\"https:\\\/\\\/www.kenosistec.com\\\/es\\\/#website\",\"url\":\"https:\\\/\\\/www.kenosistec.com\\\/es\\\/\",\"name\":\"Kenosistec\",\"description\":\"Attrezzature Sputtering per deposizione film sottili\",\"publisher\":{\"@id\":\"https:\\\/\\\/www.kenosistec.com\\\/es\\\/#organization\"},\"potentialAction\":[{\"@type\":\"SearchAction\",\"target\":{\"@type\":\"EntryPoint\",\"urlTemplate\":\"https:\\\/\\\/www.kenosistec.com\\\/es\\\/?s={search_term_string}\"},\"query-input\":{\"@type\":\"PropertyValueSpecification\",\"valueRequired\":true,\"valueName\":\"search_term_string\"}}],\"inLanguage\":\"es\"},{\"@type\":\"Organization\",\"@id\":\"https:\\\/\\\/www.kenosistec.com\\\/es\\\/#organization\",\"name\":\"Kenosistec\",\"url\":\"https:\\\/\\\/www.kenosistec.com\\\/es\\\/\",\"logo\":{\"@type\":\"ImageObject\",\"inLanguage\":\"es\",\"@id\":\"https:\\\/\\\/www.kenosistec.com\\\/es\\\/#\\\/schema\\\/logo\\\/image\\\/\",\"url\":\"https:\\\/\\\/www.kenosistec.com\\\/wp-content\\\/uploads\\\/2023\\\/11\\\/kenosistec-logo.webp\",\"contentUrl\":\"https:\\\/\\\/www.kenosistec.com\\\/wp-content\\\/uploads\\\/2023\\\/11\\\/kenosistec-logo.webp\",\"width\":1076,\"height\":202,\"caption\":\"Kenosistec\"},\"image\":{\"@id\":\"https:\\\/\\\/www.kenosistec.com\\\/es\\\/#\\\/schema\\\/logo\\\/image\\\/\"},\"sameAs\":[\"https:\\\/\\\/www.facebook.com\\\/kenosistec\\\/\",\"https:\\\/\\\/www.instagram.com\\\/kenosistec\\\/\",\"https:\\\/\\\/www.youtube.com\\\/channel\\\/UC32Boy5ZwrDyTU53vc4OqXw\",\"https:\\\/\\\/www.linkedin.com\\\/company\\\/kenosistec\\\/\"]}]}<\/script>\n<!-- \/ Yoast SEO plugin. -->","yoast_head_json":{"title":"Testimonios - Kenosistec","robots":{"index":"index","follow":"follow","max-snippet":"max-snippet:-1","max-image-preview":"max-image-preview:large","max-video-preview":"max-video-preview:-1"},"canonical":"https:\/\/www.kenosistec.com\/es\/testimonios\/","og_locale":"es_ES","og_type":"article","og_title":"Testimonios - Kenosistec","og_description":"El Institut Jean Lamour (IJL), con sede en Nancy, es un centro de investigaci\u00f3n de primer nivel en el campo de los materiales, la f\u00edsica aplicada y las nanotecnolog\u00edas. Con m\u00e1s de 500 investigadores y una fuerte vocaci\u00f3n interdisciplinaria, IJL desarrolla soluciones avanzadas para aplicaciones que van desde la microelectr\u00f3nica hasta los materiales funcionales para [&hellip;]","og_url":"https:\/\/www.kenosistec.com\/es\/testimonios\/","og_site_name":"Kenosistec","article_publisher":"https:\/\/www.facebook.com\/kenosistec\/","article_modified_time":"2025-09-12T09:00:59+00:00","twitter_card":"summary_large_image","twitter_misc":{"Tiempo de lectura":"3 minutos"},"schema":{"@context":"https:\/\/schema.org","@graph":[{"@type":"WebPage","@id":"https:\/\/www.kenosistec.com\/es\/testimonios\/","url":"https:\/\/www.kenosistec.com\/es\/testimonios\/","name":"Testimonios - Kenosistec","isPartOf":{"@id":"https:\/\/www.kenosistec.com\/es\/#website"},"datePublished":"2025-06-10T09:57:09+00:00","dateModified":"2025-09-12T09:00:59+00:00","breadcrumb":{"@id":"https:\/\/www.kenosistec.com\/es\/testimonios\/#breadcrumb"},"inLanguage":"es","potentialAction":[{"@type":"ReadAction","target":["https:\/\/www.kenosistec.com\/es\/testimonios\/"]}]},{"@type":"BreadcrumbList","@id":"https:\/\/www.kenosistec.com\/es\/testimonios\/#breadcrumb","itemListElement":[{"@type":"ListItem","position":1,"name":"Home","item":"https:\/\/www.kenosistec.com\/es\/"},{"@type":"ListItem","position":2,"name":"Testimonios"}]},{"@type":"WebSite","@id":"https:\/\/www.kenosistec.com\/es\/#website","url":"https:\/\/www.kenosistec.com\/es\/","name":"Kenosistec","description":"Attrezzature Sputtering per deposizione film sottili","publisher":{"@id":"https:\/\/www.kenosistec.com\/es\/#organization"},"potentialAction":[{"@type":"SearchAction","target":{"@type":"EntryPoint","urlTemplate":"https:\/\/www.kenosistec.com\/es\/?s={search_term_string}"},"query-input":{"@type":"PropertyValueSpecification","valueRequired":true,"valueName":"search_term_string"}}],"inLanguage":"es"},{"@type":"Organization","@id":"https:\/\/www.kenosistec.com\/es\/#organization","name":"Kenosistec","url":"https:\/\/www.kenosistec.com\/es\/","logo":{"@type":"ImageObject","inLanguage":"es","@id":"https:\/\/www.kenosistec.com\/es\/#\/schema\/logo\/image\/","url":"https:\/\/www.kenosistec.com\/wp-content\/uploads\/2023\/11\/kenosistec-logo.webp","contentUrl":"https:\/\/www.kenosistec.com\/wp-content\/uploads\/2023\/11\/kenosistec-logo.webp","width":1076,"height":202,"caption":"Kenosistec"},"image":{"@id":"https:\/\/www.kenosistec.com\/es\/#\/schema\/logo\/image\/"},"sameAs":["https:\/\/www.facebook.com\/kenosistec\/","https:\/\/www.instagram.com\/kenosistec\/","https:\/\/www.youtube.com\/channel\/UC32Boy5ZwrDyTU53vc4OqXw","https:\/\/www.linkedin.com\/company\/kenosistec\/"]}]}},"_links":{"self":[{"href":"https:\/\/www.kenosistec.com\/es\/wp-json\/wp\/v2\/pages\/3510","targetHints":{"allow":["GET"]}}],"collection":[{"href":"https:\/\/www.kenosistec.com\/es\/wp-json\/wp\/v2\/pages"}],"about":[{"href":"https:\/\/www.kenosistec.com\/es\/wp-json\/wp\/v2\/types\/page"}],"author":[{"embeddable":true,"href":"https:\/\/www.kenosistec.com\/es\/wp-json\/wp\/v2\/users\/2"}],"replies":[{"embeddable":true,"href":"https:\/\/www.kenosistec.com\/es\/wp-json\/wp\/v2\/comments?post=3510"}],"version-history":[{"count":4,"href":"https:\/\/www.kenosistec.com\/es\/wp-json\/wp\/v2\/pages\/3510\/revisions"}],"predecessor-version":[{"id":3519,"href":"https:\/\/www.kenosistec.com\/es\/wp-json\/wp\/v2\/pages\/3510\/revisions\/3519"}],"wp:attachment":[{"href":"https:\/\/www.kenosistec.com\/es\/wp-json\/wp\/v2\/media?parent=3510"}],"curies":[{"name":"wp","href":"https:\/\/api.w.org\/{rel}","templated":true}]}}